{"id":1865,"date":"2024-02-17T11:02:01","date_gmt":"2024-02-17T11:02:01","guid":{"rendered":"https:\/\/chuchro.pl\/?page_id=1865"},"modified":"2024-02-17T11:54:12","modified_gmt":"2024-02-17T11:54:12","slug":"polityka-prywatnosci","status":"publish","type":"page","link":"https:\/\/chuchro.pl\/index.php\/polityka-prywatnosci\/","title":{"rendered":"Polityka prywatno\u015bci"},"content":{"rendered":"<style>.kb-row-layout-id1865_54aaa3-c7 > .kt-row-column-wrap{align-content:start;}:where(.kb-row-layout-id1865_54aaa3-c7 > .kt-row-column-wrap) > .wp-block-kadence-column{justify-content:start;}.kb-row-layout-id1865_54aaa3-c7 > .kt-row-column-wrap{column-gap:var(--global-kb-gap-md, 2rem);row-gap:var(--global-kb-gap-md, 2rem);max-width:var( --global-content-width, 1290px );padding-left:var(--global-content-edge-padding);padding-right:var(--global-content-edge-padding);padding-top:225px;padding-bottom:25px;grid-template-columns:minmax(0, 1fr);}.kb-row-layout-id1865_54aaa3-c7{background-image:url('http:\/\/chuchro.pl\/wp-content\/uploads\/2024\/02\/beige-weeds-in-a-field-of-grass-68590-1024x680-e1707811661407.jpg');background-size:cover;background-position:31% 76%;background-attachment:scroll;background-repeat:no-repeat;}.kb-row-layout-id1865_54aaa3-c7 > .kt-row-layout-overlay{opacity:0.55;background-color:#242d2d;}@media all and (max-width: 1024px){.kb-row-layout-id1865_54aaa3-c7 > .kt-row-column-wrap{grid-template-columns:minmax(0, 1fr);}}@media all and (max-width: 767px){.kb-row-layout-id1865_54aaa3-c7 > .kt-row-column-wrap{grid-template-columns:minmax(0, 1fr);}}<\/style><div class=\"kb-row-layout-wrap kb-row-layout-id1865_54aaa3-c7 alignnone kt-row-has-bg wp-block-kadence-rowlayout\"><div class=\"kt-row-layout-overlay kt-row-overlay-normal\"><\/div><div class=\"kt-row-column-wrap kt-has-1-columns kt-row-layout-equal kt-tab-layout-inherit kt-mobile-layout-row kt-row-valign-top kb-theme-content-width\">\n<style>.kadence-column1865_dbfd24-34 > .kt-inside-inner-col,.kadence-column1865_dbfd24-34 > .kt-inside-inner-col:before{border-top-left-radius:0px;border-top-right-radius:0px;border-bottom-right-radius:0px;border-bottom-left-radius:0px;}.kadence-column1865_dbfd24-34 > .kt-inside-inner-col{column-gap:var(--global-kb-gap-sm, 1rem);}.kadence-column1865_dbfd24-34 > .kt-inside-inner-col{flex-direction:column;}.kadence-column1865_dbfd24-34 > .kt-inside-inner-col > .aligncenter{width:100%;}.kadence-column1865_dbfd24-34 > .kt-inside-inner-col:before{opacity:0.3;}.kadence-column1865_dbfd24-34{position:relative;}@media all and (max-width: 1024px){.kadence-column1865_dbfd24-34 > .kt-inside-inner-col{flex-direction:column;}}@media all and (max-width: 767px){.kadence-column1865_dbfd24-34 > .kt-inside-inner-col{flex-direction:column;}}<\/style>\n<div class=\"wp-block-kadence-column kadence-column1865_dbfd24-34 inner-column-1\"><div class=\"kt-inside-inner-col\"><style>.wp-block-kadence-advancedheading.kt-adv-heading1865_c3c5a0-fd, .wp-block-kadence-advancedheading.kt-adv-heading1865_c3c5a0-fd[data-kb-block=\"kb-adv-heading1865_c3c5a0-fd\"]{font-size:65px;font-weight:700;font-style:normal;color:#ffffff;}.wp-block-kadence-advancedheading.kt-adv-heading1865_c3c5a0-fd mark, .wp-block-kadence-advancedheading.kt-adv-heading1865_c3c5a0-fd[data-kb-block=\"kb-adv-heading1865_c3c5a0-fd\"] mark{font-weight:normal;font-style:normal;color:#f76a0c;padding-top:0px;padding-right:0px;padding-bottom:0px;padding-left:0px;}@media all and (max-width: 1024px){.wp-block-kadence-advancedheading.kt-adv-heading1865_c3c5a0-fd, .wp-block-kadence-advancedheading.kt-adv-heading1865_c3c5a0-fd[data-kb-block=\"kb-adv-heading1865_c3c5a0-fd\"]{font-size:45px;}}@media all and (max-width: 767px){.wp-block-kadence-advancedheading.kt-adv-heading1865_c3c5a0-fd, .wp-block-kadence-advancedheading.kt-adv-heading1865_c3c5a0-fd[data-kb-block=\"kb-adv-heading1865_c3c5a0-fd\"]{font-size:35px;}}<\/style>\n<h1 class=\"kt-adv-heading1865_c3c5a0-fd wp-block-kadence-advancedheading\" data-kb-block=\"kb-adv-heading1865_c3c5a0-fd\">Polityka prywatno\u015bci<\/h1>\n<\/div><\/div>\n\n<\/div><\/div>\n\n<style>.kb-row-layout-id1865_ba757f-13 > .kt-row-column-wrap{align-content:start;}:where(.kb-row-layout-id1865_ba757f-13 > .kt-row-column-wrap) > .wp-block-kadence-column{justify-content:start;}.kb-row-layout-id1865_ba757f-13 > .kt-row-column-wrap{column-gap:var(--global-kb-gap-md, 2rem);row-gap:var(--global-kb-gap-md, 2rem);max-width:var( --global-content-width, 1290px );padding-left:var(--global-content-edge-padding);padding-right:var(--global-content-edge-padding);padding-top:42px;padding-bottom:25px;grid-template-columns:minmax(0, 1fr);}.kb-row-layout-id1865_ba757f-13 > .kt-row-layout-overlay{opacity:0.30;}@media all and (max-width: 1024px){.kb-row-layout-id1865_ba757f-13 > .kt-row-column-wrap{grid-template-columns:minmax(0, 1fr);}}@media all and (max-width: 767px){.kb-row-layout-id1865_ba757f-13 > .kt-row-column-wrap{grid-template-columns:minmax(0, 1fr);}}<\/style><div class=\"kb-row-layout-wrap kb-row-layout-id1865_ba757f-13 alignnone wp-block-kadence-rowlayout\"><div class=\"kt-row-column-wrap kt-has-1-columns kt-row-layout-equal kt-tab-layout-inherit kt-mobile-layout-row kt-row-valign-top kb-theme-content-width\">\n<style>.kadence-column1865_aa1dd0-c1 > .kt-inside-inner-col,.kadence-column1865_aa1dd0-c1 > .kt-inside-inner-col:before{border-top-left-radius:0px;border-top-right-radius:0px;border-bottom-right-radius:0px;border-bottom-left-radius:0px;}.kadence-column1865_aa1dd0-c1 > .kt-inside-inner-col{column-gap:var(--global-kb-gap-sm, 1rem);}.kadence-column1865_aa1dd0-c1 > .kt-inside-inner-col{flex-direction:column;}.kadence-column1865_aa1dd0-c1 > .kt-inside-inner-col > .aligncenter{width:100%;}.kadence-column1865_aa1dd0-c1 > .kt-inside-inner-col:before{opacity:0.3;}.kadence-column1865_aa1dd0-c1{position:relative;}@media all and (max-width: 1024px){.kadence-column1865_aa1dd0-c1 > .kt-inside-inner-col{flex-direction:column;}}@media all and (max-width: 767px){.kadence-column1865_aa1dd0-c1 > .kt-inside-inner-col{flex-direction:column;}}<\/style>\n<div class=\"wp-block-kadence-column kadence-column1865_aa1dd0-c1\"><div class=\"kt-inside-inner-col\">\n<p>Niniejsza Polityka Prywatno\u015bci opisuje, w jaki spos\u00f3b post\u0119puj\u0119 z danymi osobowymi oraz wykorzystuj\u0119 pliki cookies w zwi\u0105zku z korzystaniem ze strony internetowej www.chuchro.pl.<\/p>\n\n\n\n<ol class=\"wp-block-list\">\n<li><strong>Administrator Danych Osobowych:<\/strong>\n<ul class=\"wp-block-list\">\n<li>W\u0142a\u015bcicielem strony oraz administratorem danych, kt\u00f3re udost\u0119pniasz, jest Krzysztof Chuchro.<\/li>\n<\/ul>\n<\/li>\n\n\n\n<li><strong>Kontakt z Administratorem:<\/strong>\n<ul class=\"wp-block-list\">\n<li>W celu kontaktu z administratorem nale\u017cy wys\u0142a\u0107 e-mail pod adres krzysztof.chuchro@gazeta.pl.<\/li>\n<\/ul>\n<\/li>\n\n\n\n<li><strong>Zgoda na Polityk\u0119 Prywatno\u015bci:<\/strong>\n<ul class=\"wp-block-list\">\n<li>Korzystanie z mojej strony oznacza akceptacj\u0119 niniejszej Polityki Prywatno\u015bci. Je\u017celi nie zgadzasz si\u0119 z ni\u0105, prosz\u0119 o nieodwiedzanie moich stron, niezapisywanie si\u0119 na maile.<\/li>\n<\/ul>\n<\/li>\n\n\n\n<li><strong>Ochrona Danych:<\/strong>\n<ul class=\"wp-block-list\">\n<li>Nie sprzedaj\u0119 ani nie udost\u0119pniam Twoich danych osobom trzecim oraz nie wysy\u0142am spamu.<\/li>\n\n\n\n<li>Dzia\u0142am zgodnie z Rozporz\u0105dzeniem o Ochronie Danych Osobowych (RODO).<\/li>\n<\/ul>\n<\/li>\n\n\n\n<li><strong>Przetwarzanie Danych Osobowych:<\/strong>\n<ul class=\"wp-block-list\">\n<li>Przy r\u00f3\u017cnych interakcjach, takich jak dodawanie komentarzy, korzystanie z formularza kontaktowego i wysy\u0142anie wiadomo\u015bci email, przekazujesz mi swoje dane osobowe. Gwarantuj\u0119, \u017ce Twoje dane pozostan\u0105 poufne, bezpieczne i nie zostan\u0105 udost\u0119pnione \u017cadnym podmiotom trzecim bez Twojej wyra\u017anej zgody.<\/li>\n<\/ul>\n<\/li>\n\n\n\n<li><strong>Uprawnienia zwi\u0105zane z RODO:<\/strong>\n<ul class=\"wp-block-list\">\n<li>RODO przyznaje Ci r\u00f3\u017cne uprawnienia zwi\u0105zane z przetwarzaniem Twoich danych osobowych. Masz prawo dost\u0119pu, sprostowania, usuni\u0119cia, ograniczenia przetwarzania, wniesienia sprzeciwu, przenoszenia danych, wniesienia skargi do organu nadzorczego oraz odwo\u0142ania zgody.<\/li>\n<\/ul>\n<\/li>\n\n\n\n<li><strong>Bezpiecze\u0144stwo Danych:<\/strong>\n<ul class=\"wp-block-list\">\n<li>Gwarantujemy poufno\u015b\u0107 danych oraz stosowanie wszelkich \u015brodk\u00f3w bezpiecze\u0144stwa wymaganych przez przepisy o ochronie danych osobowych.<\/li>\n<\/ul>\n<\/li>\n\n\n\n<li><strong>Cele i Czynno\u015bci Przetwarzania:<\/strong>\n<ul class=\"wp-block-list\">\n<li>Opisano cele i podstawy prawne przetwarzania danych w odniesieniu do r\u00f3\u017cnych czynno\u015bci, takich jak wysy\u0142anie wiadomo\u015bci, kontakt e-mailowy i dodawanie komentarzy.<\/li>\n<\/ul>\n<\/li>\n\n\n\n<li><strong>Pliki Cookies:<\/strong>\n<ul class=\"wp-block-list\">\n<li>Strona wykorzystuje pliki cookies w celu zapewnienia prawid\u0142owego dzia\u0142ania, analizy statystyk, oraz integracji z narz\u0119dziami spo\u0142eczno\u015bciowymi i serwisami wideo. U\u017cywane s\u0105 zar\u00f3wno cookies w\u0142asne, jak i cookies podmiot\u00f3w trzecich.<\/li>\n<\/ul>\n<\/li>\n\n\n\n<li><strong>Google Analytics:<\/strong>\n<ul class=\"wp-block-list\">\n<li>Nie korzystamy z narz\u0119dzia Google Analytics do tworzenia statystyk i analizy. Zanonimizowany adres IP nie jest przekazywany do serwera Google w Stanach Zjednoczonych. Nie musisz blokowa\u0107 Google Analytics, instaluj\u0105c odpowiedni\u0105 wtyczk\u0119.<\/li>\n<\/ul>\n<\/li>\n<\/ol>\n<\/div><\/div>\n\n<\/div><\/div>","protected":false},"excerpt":{"rendered":"<p>Polityka prywatno\u015bci Niniejsza Polityka Prywatno\u015bci opisuje, w jaki spos\u00f3b post\u0119puj\u0119 z danymi osobowymi oraz wykorzystuj\u0119 pliki cookies w zwi\u0105zku z korzystaniem ze strony internetowej www.chuchro.pl.<\/p>\n","protected":false},"author":2,"featured_media":0,"parent":0,"menu_order":0,"comment_status":"closed","ping_status":"closed","template":"","meta":{"_kadence_starter_templates_imported_post":true,"_kad_post_transparent":"enable","_kad_post_title":"hide","_kad_post_layout":"fullwidth","_kad_post_sidebar_id":"","_kad_post_content_style":"unboxed","_kad_post_vertical_padding":"hide","_kad_post_feature":"","_kad_post_feature_position":"","_kad_post_header":false,"_kad_post_footer":false,"footnotes":""},"class_list":["post-1865","page","type-page","status-publish","hentry"],"yoast_head":"<!-- This site is optimized with the Yoast SEO plugin v22.0 - https:\/\/yoast.com\/wordpress\/plugins\/seo\/ -->\n<title>Polityka prywatno\u015bci - Krzysztof Chuchro<\/title>\n<meta name=\"robots\" content=\"index, follow, max-snippet:-1, max-image-preview:large, max-video-preview:-1\" \/>\n<link rel=\"canonical\" href=\"https:\/\/chuchro.pl\/index.php\/polityka-prywatnosci\/\" \/>\n<meta property=\"og:locale\" content=\"en_US\" \/>\n<meta property=\"og:type\" content=\"article\" \/>\n<meta property=\"og:title\" content=\"Polityka prywatno\u015bci - Krzysztof Chuchro\" \/>\n<meta property=\"og:description\" content=\"Polityka prywatno\u015bci Niniejsza Polityka Prywatno\u015bci opisuje, w jaki spos\u00f3b post\u0119puj\u0119 z danymi osobowymi oraz wykorzystuj\u0119 pliki cookies w zwi\u0105zku z korzystaniem ze strony internetowej www.chuchro.pl.\" \/>\n<meta property=\"og:url\" content=\"https:\/\/chuchro.pl\/index.php\/polityka-prywatnosci\/\" \/>\n<meta property=\"og:site_name\" content=\"Krzysztof Chuchro\" \/>\n<meta property=\"article:modified_time\" content=\"2024-02-17T11:54:12+00:00\" \/>\n<meta name=\"twitter:card\" content=\"summary_large_image\" \/>\n<meta name=\"twitter:label1\" content=\"Est. reading time\" \/>\n\t<meta name=\"twitter:data1\" content=\"2 minutes\" \/>\n<script type=\"application\/ld+json\" class=\"yoast-schema-graph\">{\"@context\":\"https:\/\/schema.org\",\"@graph\":[{\"@type\":\"WebPage\",\"@id\":\"https:\/\/chuchro.pl\/index.php\/polityka-prywatnosci\/\",\"url\":\"https:\/\/chuchro.pl\/index.php\/polityka-prywatnosci\/\",\"name\":\"Polityka prywatno\u015bci - Krzysztof Chuchro\",\"isPartOf\":{\"@id\":\"https:\/\/chuchro.pl\/#website\"},\"datePublished\":\"2024-02-17T11:02:01+00:00\",\"dateModified\":\"2024-02-17T11:54:12+00:00\",\"breadcrumb\":{\"@id\":\"https:\/\/chuchro.pl\/index.php\/polityka-prywatnosci\/#breadcrumb\"},\"inLanguage\":\"en-US\",\"potentialAction\":[{\"@type\":\"ReadAction\",\"target\":[\"https:\/\/chuchro.pl\/index.php\/polityka-prywatnosci\/\"]}]},{\"@type\":\"BreadcrumbList\",\"@id\":\"https:\/\/chuchro.pl\/index.php\/polityka-prywatnosci\/#breadcrumb\",\"itemListElement\":[{\"@type\":\"ListItem\",\"position\":1,\"name\":\"Strona g\u0142\u00f3wna\",\"item\":\"https:\/\/chuchro.pl\/\"},{\"@type\":\"ListItem\",\"position\":2,\"name\":\"Polityka prywatno\u015bci\"}]},{\"@type\":\"WebSite\",\"@id\":\"https:\/\/chuchro.pl\/#website\",\"url\":\"https:\/\/chuchro.pl\/\",\"name\":\"Krzysztof Chuchro - Kandydat na radnego Gminy Wisznia Ma\u0142a\",\"description\":\"Just another WordPress site\",\"publisher\":{\"@id\":\"https:\/\/chuchro.pl\/#\/schema\/person\/23c4a780eadcbfa111af3050cd760ab2\"},\"potentialAction\":[{\"@type\":\"SearchAction\",\"target\":{\"@type\":\"EntryPoint\",\"urlTemplate\":\"https:\/\/chuchro.pl\/?s={search_term_string}\"},\"query-input\":\"required name=search_term_string\"}],\"inLanguage\":\"en-US\"},{\"@type\":[\"Person\",\"Organization\"],\"@id\":\"https:\/\/chuchro.pl\/#\/schema\/person\/23c4a780eadcbfa111af3050cd760ab2\",\"name\":\"Krzysztof Chuchro\",\"image\":{\"@type\":\"ImageObject\",\"inLanguage\":\"en-US\",\"@id\":\"https:\/\/chuchro.pl\/#\/schema\/person\/image\/\",\"url\":\"https:\/\/chuchro.pl\/wp-content\/uploads\/2024\/02\/logo-porozumienie-transparent.png\",\"contentUrl\":\"https:\/\/chuchro.pl\/wp-content\/uploads\/2024\/02\/logo-porozumienie-transparent.png\",\"width\":226,\"height\":300,\"caption\":\"Krzysztof Chuchro\"},\"logo\":{\"@id\":\"https:\/\/chuchro.pl\/#\/schema\/person\/image\/\"},\"sameAs\":[\"http:\/\/chuchro.pl\"]}]}<\/script>\n<!-- \/ Yoast SEO plugin. -->","yoast_head_json":{"title":"Polityka prywatno\u015bci - Krzysztof Chuchro","robots":{"index":"index","follow":"follow","max-snippet":"max-snippet:-1","max-image-preview":"max-image-preview:large","max-video-preview":"max-video-preview:-1"},"canonical":"https:\/\/chuchro.pl\/index.php\/polityka-prywatnosci\/","og_locale":"en_US","og_type":"article","og_title":"Polityka prywatno\u015bci - Krzysztof Chuchro","og_description":"Polityka prywatno\u015bci Niniejsza Polityka Prywatno\u015bci opisuje, w jaki spos\u00f3b post\u0119puj\u0119 z danymi osobowymi oraz wykorzystuj\u0119 pliki cookies w zwi\u0105zku z korzystaniem ze strony internetowej www.chuchro.pl.","og_url":"https:\/\/chuchro.pl\/index.php\/polityka-prywatnosci\/","og_site_name":"Krzysztof Chuchro","article_modified_time":"2024-02-17T11:54:12+00:00","twitter_card":"summary_large_image","twitter_misc":{"Est. reading time":"2 minutes"},"schema":{"@context":"https:\/\/schema.org","@graph":[{"@type":"WebPage","@id":"https:\/\/chuchro.pl\/index.php\/polityka-prywatnosci\/","url":"https:\/\/chuchro.pl\/index.php\/polityka-prywatnosci\/","name":"Polityka prywatno\u015bci - Krzysztof Chuchro","isPartOf":{"@id":"https:\/\/chuchro.pl\/#website"},"datePublished":"2024-02-17T11:02:01+00:00","dateModified":"2024-02-17T11:54:12+00:00","breadcrumb":{"@id":"https:\/\/chuchro.pl\/index.php\/polityka-prywatnosci\/#breadcrumb"},"inLanguage":"en-US","potentialAction":[{"@type":"ReadAction","target":["https:\/\/chuchro.pl\/index.php\/polityka-prywatnosci\/"]}]},{"@type":"BreadcrumbList","@id":"https:\/\/chuchro.pl\/index.php\/polityka-prywatnosci\/#breadcrumb","itemListElement":[{"@type":"ListItem","position":1,"name":"Strona g\u0142\u00f3wna","item":"https:\/\/chuchro.pl\/"},{"@type":"ListItem","position":2,"name":"Polityka prywatno\u015bci"}]},{"@type":"WebSite","@id":"https:\/\/chuchro.pl\/#website","url":"https:\/\/chuchro.pl\/","name":"Krzysztof Chuchro - Kandydat na radnego Gminy Wisznia Ma\u0142a","description":"Just another WordPress site","publisher":{"@id":"https:\/\/chuchro.pl\/#\/schema\/person\/23c4a780eadcbfa111af3050cd760ab2"},"potentialAction":[{"@type":"SearchAction","target":{"@type":"EntryPoint","urlTemplate":"https:\/\/chuchro.pl\/?s={search_term_string}"},"query-input":"required name=search_term_string"}],"inLanguage":"en-US"},{"@type":["Person","Organization"],"@id":"https:\/\/chuchro.pl\/#\/schema\/person\/23c4a780eadcbfa111af3050cd760ab2","name":"Krzysztof Chuchro","image":{"@type":"ImageObject","inLanguage":"en-US","@id":"https:\/\/chuchro.pl\/#\/schema\/person\/image\/","url":"https:\/\/chuchro.pl\/wp-content\/uploads\/2024\/02\/logo-porozumienie-transparent.png","contentUrl":"https:\/\/chuchro.pl\/wp-content\/uploads\/2024\/02\/logo-porozumienie-transparent.png","width":226,"height":300,"caption":"Krzysztof Chuchro"},"logo":{"@id":"https:\/\/chuchro.pl\/#\/schema\/person\/image\/"},"sameAs":["http:\/\/chuchro.pl"]}]}},"_links":{"self":[{"href":"https:\/\/chuchro.pl\/index.php\/wp-json\/wp\/v2\/pages\/1865","targetHints":{"allow":["GET"]}}],"collection":[{"href":"https:\/\/chuchro.pl\/index.php\/wp-json\/wp\/v2\/pages"}],"about":[{"href":"https:\/\/chuchro.pl\/index.php\/wp-json\/wp\/v2\/types\/page"}],"author":[{"embeddable":true,"href":"https:\/\/chuchro.pl\/index.php\/wp-json\/wp\/v2\/users\/2"}],"replies":[{"embeddable":true,"href":"https:\/\/chuchro.pl\/index.php\/wp-json\/wp\/v2\/comments?post=1865"}],"version-history":[{"count":1,"href":"https:\/\/chuchro.pl\/index.php\/wp-json\/wp\/v2\/pages\/1865\/revisions"}],"predecessor-version":[{"id":1866,"href":"https:\/\/chuchro.pl\/index.php\/wp-json\/wp\/v2\/pages\/1865\/revisions\/1866"}],"wp:attachment":[{"href":"https:\/\/chuchro.pl\/index.php\/wp-json\/wp\/v2\/media?parent=1865"}],"curies":[{"name":"wp","href":"https:\/\/api.w.org\/{rel}","templated":true}]}}